{"id":22519,"date":"2026-02-10T16:47:57","date_gmt":"2026-02-10T15:47:57","guid":{"rendered":"https:\/\/apc-studio.com\/?page_id=22519"},"modified":"2026-03-19T09:39:34","modified_gmt":"2026-03-19T08:39:34","slug":"declaracion-accesibilidad","status":"publish","type":"page","link":"https:\/\/apc-studio.com\/ca\/declaracion-accesibilidad\/","title":{"rendered":"Declaraci\u00f3n de Accesibilidad"},"content":{"rendered":"<div data-elementor-type=\"wp-page\" data-elementor-id=\"22519\" class=\"elementor elementor-22519\">\n\t\t\t\t\t\t<section class=\"elementor-section elementor-top-section elementor-element elementor-element-2b1184b0 elementor-section-boxed elementor-section-height-default elementor-section-height-default sc_fly_static\" data-id=\"2b1184b0\" data-element_type=\"section\" data-e-type=\"section\" data-settings=\"{&quot;background_background&quot;:&quot;classic&quot;}\">\n\t\t\t\t\t\t<div class=\"elementor-container elementor-column-gap-extended\">\n\t\t\t\t\t<div class=\"elementor-column elementor-col-100 elementor-top-column elementor-element elementor-element-153e1c19 sc_content_align_inherit sc_layouts_column_icons_position_left sc_fly_static\" data-id=\"153e1c19\" data-element_type=\"column\" data-e-type=\"column\">\n\t\t\t<div class=\"elementor-widget-wrap elementor-element-populated\">\n\t\t\t\t\t\t<div class=\"elementor-element elementor-element-54db29de sc_fly_static elementor-widget elementor-widget-text-editor\" data-id=\"54db29de\" data-element_type=\"widget\" data-e-type=\"widget\" data-widget_type=\"text-editor.default\">\n\t\t\t\t<div class=\"elementor-widget-container\">\n\t\t\t\t\t\t\t\t\t<h5 data-section-id=\"8h96to\" data-start=\"197\" data-end=\"240\">Declaraci\u00f3n de Accesibilidad \u2013 APC Studio<\/h5><p data-start=\"242\" data-end=\"576\">Anna Crippa se compromete a garantizar la accesibilidad de su sitio web de conformidad con el Real Decreto 1112\/2018, de 7 de septiembre, relativo a la accesibilidad de los sitios web y aplicaciones para dispositivos m\u00f3viles del sector p\u00fablico y aplicable, en lo que corresponda, a entidades privadas que prestan servicios al p\u00fablico.<\/p><p data-start=\"578\" data-end=\"642\">La presente declaraci\u00f3n de accesibilidad se aplica al sitio web:<\/p><p data-start=\"644\" data-end=\"666\"><a class=\"decorated-link\" href=\"https:\/\/apc-studio.com\/ca\/\" target=\"_new\" rel=\"noopener\" data-start=\"644\" data-end=\"666\">https:\/\/apc-studio.com<\/a><\/p><h5 data-section-id=\"4kbcs3\" data-start=\"673\" data-end=\"701\">Situaci\u00f3n de cumplimiento<\/h5><p data-start=\"703\" data-end=\"845\">Este sitio web es <strong data-start=\"721\" data-end=\"746\">parcialmente conforme<\/strong> con el RD 1112\/2018 debido a las excepciones y a la falta de conformidad se\u00f1aladas a continuaci\u00f3n.<\/p><h5 data-section-id=\"wtx52m\" data-start=\"852\" data-end=\"877\">Contenido no accesible<\/h5><h6 data-section-id=\"1ko5q8v\" data-start=\"879\" data-end=\"923\">Falta de conformidad con el RD 1112\/2018<\/h6><p data-start=\"925\" data-end=\"989\">Pueden presentarse las siguientes limitaciones de accesibilidad:<\/p><ul data-start=\"991\" data-end=\"1808\"><li data-section-id=\"azwgnt\" data-start=\"991\" data-end=\"1065\"><p data-start=\"993\" data-end=\"1065\">Algunas im\u00e1genes podr\u00edan no disponer de un texto alternativo adecuado.<\/p><\/li><li data-section-id=\"1oy3c9h\" data-start=\"1066\" data-end=\"1166\"><p data-start=\"1068\" data-end=\"1166\">Determinadas tablas, listados o estructuras similares pueden no estar correctamente etiquetadas.<\/p><\/li><li data-section-id=\"1bkdq4j\" data-start=\"1167\" data-end=\"1283\"><p data-start=\"1169\" data-end=\"1283\">Algunos formularios podr\u00edan carecer de etiquetas visibles, instrucciones claras o asociaci\u00f3n correcta de campos.<\/p><\/li><li data-section-id=\"731yid\" data-start=\"1284\" data-end=\"1399\"><p data-start=\"1286\" data-end=\"1399\">Ciertos elementos interactivos podr\u00edan no ser totalmente accesibles mediante navegaci\u00f3n \u00fanicamente con teclado.<\/p><\/li><li data-section-id=\"1m3apbf\" data-start=\"1400\" data-end=\"1471\"><p data-start=\"1402\" data-end=\"1471\">Puede haber enlaces con descripciones poco espec\u00edficas o repetidas.<\/p><\/li><li data-section-id=\"1cnl46m\" data-start=\"1472\" data-end=\"1587\"><p data-start=\"1474\" data-end=\"1587\">Algunos contenidos podr\u00edan no estar disponibles en todos los idiomas del sitio web (espa\u00f1ol, ingl\u00e9s o catal\u00e1n).<\/p><\/li><li data-section-id=\"1jghwwd\" data-start=\"1588\" data-end=\"1683\"><p data-start=\"1590\" data-end=\"1683\">Podr\u00edan aparecer mensajes de error poco claros o insuficientes en determinados formularios.<\/p><\/li><li data-section-id=\"qj21os\" data-start=\"1684\" data-end=\"1808\"><p data-start=\"1686\" data-end=\"1808\">Algunas p\u00e1ginas pueden contener errores de marcado HTML que afecten a su correcta interpretaci\u00f3n por tecnolog\u00edas de apoyo.<\/p><\/li><\/ul><h5 data-section-id=\"7zzo7i\" data-start=\"1815\" data-end=\"1840\">Carga desproporcionada<\/h5><p data-start=\"1842\" data-end=\"1852\">No aplica.<\/p><h5 data-section-id=\"4og71a\" data-start=\"1859\" data-end=\"1900\">Preparaci\u00f3n de la presente declaraci\u00f3n<\/h5><p data-start=\"1902\" data-end=\"2043\">La presente declaraci\u00f3n fue preparada el <strong data-start=\"1943\" data-end=\"1957\">24\/02\/2026<\/strong>, mediante una <strong data-start=\"1972\" data-end=\"2013\">autoevaluaci\u00f3n realizada internamente<\/strong> por la titular del sitio web.<\/p><p data-start=\"2045\" data-end=\"2095\">\u00daltima revisi\u00f3n de la declaraci\u00f3n: <strong data-start=\"2080\" data-end=\"2094\">24\/02\/2026<\/strong>.<\/p><h5 data-section-id=\"1m9lpks\" data-start=\"2102\" data-end=\"2138\">Observaciones y datos de contacto<\/h5><p data-start=\"2140\" data-end=\"2255\">El usuario puede realizar comunicaciones relacionadas con accesibilidad (art. 10.2.a del RD 1112\/2018), tales como:<\/p><ul data-start=\"2257\" data-end=\"2444\"><li data-section-id=\"6dyixy\" data-start=\"2257\" data-end=\"2311\"><p data-start=\"2259\" data-end=\"2311\">Notificar posibles incumplimientos de accesibilidad.<\/p><\/li><li data-section-id=\"19jkz4z\" data-start=\"2312\" data-end=\"2361\"><p data-start=\"2314\" data-end=\"2361\">Transmitir dificultades de acceso al contenido.<\/p><\/li><li data-section-id=\"196poqc\" data-start=\"2362\" data-end=\"2444\"><p data-start=\"2364\" data-end=\"2444\">Presentar sugerencias o mejoras relacionadas con la accesibilidad del sitio web.<\/p><\/li><\/ul><p data-start=\"2446\" data-end=\"2478\">A trav\u00e9s del correo electr\u00f3nico:<\/p><p data-start=\"2480\" data-end=\"2510\">\ud83d\udce7 <a href=\"mailto:anna@apc-studio.com\">anna@apc-studio.com<\/a><\/p>\t\t\t\t\t\t\t\t<\/div>\n\t\t\t\t<\/div>\n\t\t\t\t\t<\/div>\n\t\t<\/div>\n\t\t\t\t\t<\/div>\n\t\t<\/section>\n\t\t\t\t<\/div>","protected":false},"excerpt":{"rendered":"<p>Declaraci\u00f3n de Accesibilidad \u2013 APC Studio Anna Crippa se compromete a garantizar la accesibilidad de su sitio web de conformidad con el Real Decreto 1112\/2018, de 7 de septiembre, relativo&hellip;<\/p>","protected":false},"author":1,"featured_media":0,"parent":0,"menu_order":0,"comment_status":"closed","ping_status":"closed","template":"","meta":{"footnotes":""},"class_list":["post-22519","page","type-page","status-publish","hentry"],"_links":{"self":[{"href":"https:\/\/apc-studio.com\/ca\/wp-json\/wp\/v2\/pages\/22519","targetHints":{"allow":["GET"]}}],"collection":[{"href":"https:\/\/apc-studio.com\/ca\/wp-json\/wp\/v2\/pages"}],"about":[{"href":"https:\/\/apc-studio.com\/ca\/wp-json\/wp\/v2\/types\/page"}],"author":[{"embeddable":true,"href":"https:\/\/apc-studio.com\/ca\/wp-json\/wp\/v2\/users\/1"}],"replies":[{"embeddable":true,"href":"https:\/\/apc-studio.com\/ca\/wp-json\/wp\/v2\/comments?post=22519"}],"version-history":[{"count":3,"href":"https:\/\/apc-studio.com\/ca\/wp-json\/wp\/v2\/pages\/22519\/revisions"}],"predecessor-version":[{"id":22902,"href":"https:\/\/apc-studio.com\/ca\/wp-json\/wp\/v2\/pages\/22519\/revisions\/22902"}],"wp:attachment":[{"href":"https:\/\/apc-studio.com\/ca\/wp-json\/wp\/v2\/media?parent=22519"}],"curies":[{"name":"wp","href":"https:\/\/api.w.org\/{rel}","templated":true}]}}