{"id":22521,"date":"2026-02-10T16:48:24","date_gmt":"2026-02-10T15:48:24","guid":{"rendered":"https:\/\/apc-studio.com\/?page_id=22521"},"modified":"2026-03-19T09:46:05","modified_gmt":"2026-03-19T08:46:05","slug":"politica-cookies","status":"publish","type":"page","link":"https:\/\/apc-studio.com\/ca\/politica-cookies\/","title":{"rendered":"Pol\u00edtica de Cookies"},"content":{"rendered":"<div data-elementor-type=\"wp-page\" data-elementor-id=\"22521\" class=\"elementor elementor-22521\">\n\t\t\t\t\t\t<section class=\"elementor-section elementor-top-section elementor-element elementor-element-2b1184b0 elementor-section-boxed elementor-section-height-default elementor-section-height-default sc_fly_static\" data-id=\"2b1184b0\" data-element_type=\"section\" data-e-type=\"section\" data-settings=\"{&quot;background_background&quot;:&quot;classic&quot;}\">\n\t\t\t\t\t\t<div class=\"elementor-container elementor-column-gap-extended\">\n\t\t\t\t\t<div class=\"elementor-column elementor-col-100 elementor-top-column elementor-element elementor-element-153e1c19 sc_content_align_inherit sc_layouts_column_icons_position_left sc_fly_static\" data-id=\"153e1c19\" data-element_type=\"column\" data-e-type=\"column\">\n\t\t\t<div class=\"elementor-widget-wrap elementor-element-populated\">\n\t\t\t\t\t\t<div class=\"elementor-element elementor-element-54db29de sc_fly_static elementor-widget elementor-widget-text-editor\" data-id=\"54db29de\" data-element_type=\"widget\" data-e-type=\"widget\" data-widget_type=\"text-editor.default\">\n\t\t\t\t<div class=\"elementor-widget-container\">\n\t\t\t\t\t\t\t\t\t<h5 data-start=\"282\" data-end=\"309\">1. \u00bfQu\u00e9 son las cookies?<\/h5><p data-start=\"311\" data-end=\"645\">Las cookies son peque\u00f1os archivos de texto que se descargan en tu dispositivo (ordenador, m\u00f3vil o tablet) cuando accedes a determinadas p\u00e1ginas web. Permiten que el sitio recuerde informaci\u00f3n sobre tu visita, como tu idioma preferido o tus opciones de navegaci\u00f3n, con el fin de facilitar tu experiencia y mejorar el servicio ofrecido.<\/p><h5 data-start=\"652\" data-end=\"702\">2. \u00bfQui\u00e9n es el responsable del uso de cookies?<\/h5><p data-start=\"704\" data-end=\"960\"><strong data-start=\"704\" data-end=\"716\">Titular:<\/strong> Anna Crippa<br data-start=\"728\" data-end=\"731\" \/><strong data-start=\"731\" data-end=\"752\">Nombre comercial:<\/strong> APC Studio<br data-start=\"767\" data-end=\"770\" \/><strong data-start=\"770\" data-end=\"784\">Domicilio:<\/strong> Avda. Tarragona, 149, 43881 Cunit, Tarragona, Espa\u00f1a<br data-start=\"837\" data-end=\"840\" \/><strong data-start=\"840\" data-end=\"853\">Tel\u00e9fono:<\/strong> +34 611 28 09 01<br data-start=\"870\" data-end=\"873\" \/><strong data-start=\"873\" data-end=\"896\">Correo electr\u00f3nico:<\/strong> <a class=\"accssme-widget-links accssme-widget-text\" href=\"mailto:anna@apc-studio.com\">anna@apc-studio.com<\/a><br data-start=\"921\" data-end=\"924\" \/><strong data-start=\"924\" data-end=\"932\">Web:<\/strong> <a class=\"decorated-link\" href=\"https:\/\/apc-studio.com\/ca\/\" target=\"_new\" rel=\"noopener\" data-start=\"933\" data-end=\"958\">https:\/\/apc-studio.com<\/a><\/p><h3 data-start=\"967\" data-end=\"1006\">3. \u00bfQu\u00e9 tipos de cookies utilizamos?<\/h3><p data-start=\"1008\" data-end=\"1081\">En este sitio web pueden utilizarse las siguientes categor\u00edas de cookies:<\/p><h6 data-start=\"1083\" data-end=\"1121\">3.1. Cookies t\u00e9cnicas (necesarias)<\/h6><p data-start=\"1123\" data-end=\"1269\">Son aquellas imprescindibles para el funcionamiento b\u00e1sico del sitio web y permiten la navegaci\u00f3n y el uso de sus diferentes opciones o servicios.<\/p><p data-start=\"1271\" data-end=\"1279\">Ejemplo:<\/p><ul data-start=\"1280\" data-end=\"1367\"><li data-start=\"1280\" data-end=\"1299\"><p data-start=\"1282\" data-end=\"1299\">Gesti\u00f3n de sesi\u00f3n<\/p><\/li><li data-start=\"1300\" data-end=\"1321\"><p data-start=\"1302\" data-end=\"1321\">Seguridad del sitio<\/p><\/li><li data-start=\"1322\" data-end=\"1367\"><p data-start=\"1324\" data-end=\"1367\">Configuraci\u00f3n del consentimiento de cookies<\/p><\/li><\/ul><p data-start=\"1369\" data-end=\"1418\">Estas cookies no requieren consentimiento previo.<\/p><h6 data-start=\"1425\" data-end=\"1453\">3.2. Cookies de an\u00e1lisis<\/h6><p data-start=\"1455\" data-end=\"1648\">Permiten cuantificar el n\u00famero de usuarios y realizar la medici\u00f3n y an\u00e1lisis estad\u00edstico del uso que hacen los usuarios del sitio web, con el fin de mejorar la oferta de contenidos y servicios.<\/p><p data-start=\"1650\" data-end=\"1658\">Ejemplo:<\/p><ul data-start=\"1659\" data-end=\"1741\"><li data-start=\"1659\" data-end=\"1697\"><p data-start=\"1661\" data-end=\"1697\">Google Analytics (si est\u00e1 instalado)<\/p><\/li><li data-start=\"1698\" data-end=\"1741\"><p data-start=\"1700\" data-end=\"1741\">Herramientas de estad\u00edsticas del servidor<\/p><\/li><\/ul><p data-start=\"1743\" data-end=\"1812\">Estas cookies solo se instalan si el usuario las acepta expresamente.<\/p><h6 data-start=\"1819\" data-end=\"1854\">3.3. Cookies de personalizaci\u00f3n<\/h6><p data-start=\"1856\" data-end=\"2020\">Permiten recordar informaci\u00f3n para que el usuario acceda al servicio con determinadas caracter\u00edsticas (idioma, tipo de navegador, regi\u00f3n desde la que accede, etc.).<\/p><h6 data-start=\"2027\" data-end=\"2055\">3.4. Cookies de terceros<\/h6><p data-start=\"2057\" data-end=\"2233\">Este sitio web puede utilizar servicios de terceros que recopilan informaci\u00f3n con fines estad\u00edsticos o para prestar otros servicios relacionados con la actividad del sitio web.<\/p><p data-start=\"2235\" data-end=\"2247\">Por ejemplo:<\/p><ul data-start=\"2248\" data-end=\"2325\"><li data-start=\"2248\" data-end=\"2266\"><p data-start=\"2250\" data-end=\"2266\">Google Analytics<\/p><\/li><li data-start=\"2267\" data-end=\"2280\"><p data-start=\"2269\" data-end=\"2280\">Google Maps<\/p><\/li><li data-start=\"2281\" data-end=\"2325\"><p data-start=\"2283\" data-end=\"2325\">Redes sociales (Instagram, LinkedIn, etc.)<\/p><\/li><\/ul><p data-start=\"2327\" data-end=\"2391\">Cada proveedor externo dispone de su propia pol\u00edtica de cookies.<\/p><h5 data-start=\"2398\" data-end=\"2437\">4. Base legal para el uso de cookies<\/h5><p data-start=\"2439\" data-end=\"2602\">El uso de cookies no necesarias se basa en el consentimiento del usuario, otorgado a trav\u00e9s del banner o panel de configuraci\u00f3n de cookies al acceder al sitio web.<\/p><p data-start=\"2604\" data-end=\"2699\">El usuario puede aceptar todas las cookies, rechazarlas o configurarlas seg\u00fan sus preferencias.<\/p><h5 data-start=\"2706\" data-end=\"2747\">5. \u00bfC\u00f3mo puedes gestionar las cookies?<\/h5><p data-start=\"2749\" data-end=\"2890\">Puedes configurar o retirar tu consentimiento en cualquier momento a trav\u00e9s del panel de configuraci\u00f3n de cookies disponible en el sitio web.<\/p><p data-start=\"2892\" data-end=\"3018\">Adem\u00e1s, puedes permitir, bloquear o eliminar las cookies instaladas en tu dispositivo mediante la configuraci\u00f3n del navegador:<\/p><ul data-start=\"3020\" data-end=\"3087\"><li data-start=\"3020\" data-end=\"3037\"><p data-start=\"3022\" data-end=\"3037\">Google Chrome<\/p><\/li><li data-start=\"3038\" data-end=\"3057\"><p data-start=\"3040\" data-end=\"3057\">Mozilla Firefox<\/p><\/li><li data-start=\"3058\" data-end=\"3068\"><p data-start=\"3060\" data-end=\"3068\">Safari<\/p><\/li><li data-start=\"3069\" data-end=\"3087\"><p data-start=\"3071\" data-end=\"3087\">Microsoft Edge<\/p><\/li><\/ul><p data-start=\"3089\" data-end=\"3189\">Ten en cuenta que la desactivaci\u00f3n de algunas cookies puede afectar al funcionamiento del sitio web.<\/p><h5 data-start=\"3196\" data-end=\"3227\">6. Conservaci\u00f3n de los datos<\/h5><p data-start=\"3229\" data-end=\"3407\">Las cookies se conservar\u00e1n durante el tiempo estrictamente necesario para cumplir con su finalidad. En el caso de cookies de an\u00e1lisis, el periodo puede variar seg\u00fan el proveedor.<\/p><h5 data-start=\"3414\" data-end=\"3461\">7. Actualizaciones de la pol\u00edtica de cookies<\/h5><p data-start=\"3463\" data-end=\"3668\">APC Studio podr\u00e1 modificar la presente Pol\u00edtica de Cookies en funci\u00f3n de exigencias legislativas o con la finalidad de adaptarla a instrucciones dictadas por la Agencia Espa\u00f1ola de Protecci\u00f3n de Datos.<\/p><p data-start=\"3670\" data-end=\"3721\">Se recomienda revisar esta pol\u00edtica peri\u00f3dicamente.<\/p><h5 data-start=\"3728\" data-end=\"3742\">8. Contacto<\/h5><p data-start=\"3744\" data-end=\"3825\">Para cualquier duda relacionada con esta Pol\u00edtica de Cookies puedes contactar en:<\/p><p data-start=\"3827\" data-end=\"3854\">\ud83d\udce9 <a href=\"mailto:anna@apc-studio.com\">anna@apc-studio.com<\/a><\/p>\t\t\t\t\t\t\t\t<\/div>\n\t\t\t\t<\/div>\n\t\t\t\t\t<\/div>\n\t\t<\/div>\n\t\t\t\t\t<\/div>\n\t\t<\/section>\n\t\t\t\t<\/div>","protected":false},"excerpt":{"rendered":"<p>1. \u00bfQu\u00e9 son las cookies? Las cookies son peque\u00f1os archivos de texto que se descargan en tu dispositivo (ordenador, m\u00f3vil o tablet) cuando accedes a determinadas p\u00e1ginas web. Permiten que&hellip;<\/p>","protected":false},"author":1,"featured_media":0,"parent":0,"menu_order":0,"comment_status":"closed","ping_status":"closed","template":"","meta":{"footnotes":""},"class_list":["post-22521","page","type-page","status-publish","hentry"],"_links":{"self":[{"href":"https:\/\/apc-studio.com\/ca\/wp-json\/wp\/v2\/pages\/22521","targetHints":{"allow":["GET"]}}],"collection":[{"href":"https:\/\/apc-studio.com\/ca\/wp-json\/wp\/v2\/pages"}],"about":[{"href":"https:\/\/apc-studio.com\/ca\/wp-json\/wp\/v2\/types\/page"}],"author":[{"embeddable":true,"href":"https:\/\/apc-studio.com\/ca\/wp-json\/wp\/v2\/users\/1"}],"replies":[{"embeddable":true,"href":"https:\/\/apc-studio.com\/ca\/wp-json\/wp\/v2\/comments?post=22521"}],"version-history":[{"count":3,"href":"https:\/\/apc-studio.com\/ca\/wp-json\/wp\/v2\/pages\/22521\/revisions"}],"predecessor-version":[{"id":22914,"href":"https:\/\/apc-studio.com\/ca\/wp-json\/wp\/v2\/pages\/22521\/revisions\/22914"}],"wp:attachment":[{"href":"https:\/\/apc-studio.com\/ca\/wp-json\/wp\/v2\/media?parent=22521"}],"curies":[{"name":"wp","href":"https:\/\/api.w.org\/{rel}","templated":true}]}}