{"id":12954,"date":"2021-01-27T08:23:10","date_gmt":"2021-01-27T08:23:10","guid":{"rendered":"https:\/\/apc-studio.com\/?page_id=12954"},"modified":"2026-03-19T09:41:50","modified_gmt":"2026-03-19T08:41:50","slug":"politica-privacidad","status":"publish","type":"page","link":"https:\/\/apc-studio.com\/en\/politica-privacidad\/","title":{"rendered":"to the Privacy Policy"},"content":{"rendered":"<div data-elementor-type=\"wp-page\" data-elementor-id=\"12954\" class=\"elementor elementor-12954\">\n\t\t\t\t\t\t<section class=\"elementor-section elementor-top-section elementor-element elementor-element-2b1184b0 elementor-section-boxed elementor-section-height-default elementor-section-height-default sc_fly_static\" data-id=\"2b1184b0\" data-element_type=\"section\" data-e-type=\"section\" data-settings=\"{&quot;background_background&quot;:&quot;classic&quot;}\">\n\t\t\t\t\t\t<div class=\"elementor-container elementor-column-gap-extended\">\n\t\t\t\t\t<div class=\"elementor-column elementor-col-100 elementor-top-column elementor-element elementor-element-153e1c19 sc_content_align_inherit sc_layouts_column_icons_position_left sc_fly_static\" data-id=\"153e1c19\" data-element_type=\"column\" data-e-type=\"column\">\n\t\t\t<div class=\"elementor-widget-wrap elementor-element-populated\">\n\t\t\t\t\t\t<div class=\"elementor-element elementor-element-54db29de sc_fly_static elementor-widget elementor-widget-text-editor\" data-id=\"54db29de\" data-element_type=\"widget\" data-e-type=\"widget\" data-widget_type=\"text-editor.default\">\n\t\t\t\t<div class=\"elementor-widget-container\">\n\t\t\t\t\t\t\t\t\t<h5 data-start=\"409\" data-end=\"442\">1. Responsable del tratamiento<\/h5><p data-start=\"444\" data-end=\"627\">En cumplimiento del Reglamento (UE) 2016\/679 (RGPD) y la Ley Org\u00e1nica 3\/2018 (LOPDGDD), se informa de que los datos personales recogidos a trav\u00e9s de este sitio web ser\u00e1n tratados por:<\/p><p data-start=\"629\" data-end=\"996\"><strong data-start=\"629\" data-end=\"641\">Titular:<\/strong> Anna Crippa<br data-start=\"653\" data-end=\"656\" \/><strong data-start=\"656\" data-end=\"677\">Nombre comercial:<\/strong> APC Studio<br data-start=\"692\" data-end=\"695\" \/><strong data-start=\"695\" data-end=\"714\">Forma jur\u00eddica:<\/strong> Empresaria individual (Aut\u00f3noma)<br data-start=\"747\" data-end=\"750\" \/><strong data-start=\"750\" data-end=\"758\">NIF:<\/strong> Z1674355Y<br data-start=\"783\" data-end=\"786\" \/><strong data-start=\"786\" data-end=\"812\">Domicilio profesional:<\/strong> Avda. Tarragona, 149, 43881 Cunit, Tarragona, Espa\u00f1a<br data-start=\"865\" data-end=\"868\" \/><strong data-start=\"868\" data-end=\"881\">Tel\u00e9fono:<\/strong> +34 611 28 09 01<br data-start=\"898\" data-end=\"901\" \/><strong data-start=\"901\" data-end=\"924\">Correo electr\u00f3nico:<\/strong> <a href=\"mailto:anna@apc-studio.com\">anna@apc-studio.com<\/a><br \/><strong data-start=\"952\" data-end=\"968\">Dominio web:<\/strong> <a class=\"decorated-link\" href=\"https:\/\/apc-studio.com\/en\/\" target=\"_new\" rel=\"noopener\" data-start=\"969\" data-end=\"994\">https:\/\/apc-studio.com<\/a><\/p><h5 data-start=\"1003\" data-end=\"1034\">2. Finalidad del tratamiento<\/h5><p data-start=\"1036\" data-end=\"1150\">Los datos personales que el usuario facilite a trav\u00e9s del sitio web ser\u00e1n tratados con las siguientes finalidades:<\/p><ul data-start=\"1152\" data-end=\"1417\"><li data-start=\"1152\" data-end=\"1236\"><p data-start=\"1154\" data-end=\"1236\">Atender solicitudes de informaci\u00f3n realizadas a trav\u00e9s del formulario de contacto.<\/p><\/li><li data-start=\"1237\" data-end=\"1302\"><p data-start=\"1239\" data-end=\"1302\">Gestionar la comunicaci\u00f3n profesional con clientes potenciales.<\/p><\/li><li data-start=\"1303\" data-end=\"1366\"><p data-start=\"1305\" data-end=\"1366\">En su caso, gestionar la prestaci\u00f3n de servicios contratados.<\/p><\/li><li data-start=\"1367\" data-end=\"1417\"><p data-start=\"1369\" data-end=\"1417\">Cumplir con las obligaciones legales aplicables.<\/p><\/li><\/ul><p data-start=\"1419\" data-end=\"1515\">No se tomar\u00e1n decisiones automatizadas ni se elaborar\u00e1n perfiles comerciales sin consentimiento.<\/p><h5 data-start=\"1522\" data-end=\"1548\">3. Datos que se recogen<\/h5><p data-start=\"1550\" data-end=\"1627\">Los datos que pueden recogerse a trav\u00e9s de los formularios del sitio web son:<\/p><ul data-start=\"1629\" data-end=\"1756\"><li data-start=\"1629\" data-end=\"1651\"><p data-start=\"1631\" data-end=\"1651\">Nombre y apellidos<\/p><\/li><li data-start=\"1652\" data-end=\"1687\"><p data-start=\"1654\" data-end=\"1687\">Direcci\u00f3n de correo electr\u00f3nico<\/p><\/li><li data-start=\"1688\" data-end=\"1700\"><p data-start=\"1690\" data-end=\"1700\">Phone<\/p><\/li><li data-start=\"1701\" data-end=\"1756\"><p data-start=\"1703\" data-end=\"1756\">Informaci\u00f3n relacionada con la consulta o solicitud<\/p><\/li><\/ul><p data-start=\"1758\" data-end=\"1827\">El usuario garantiza que los datos facilitados son veraces y exactos.<\/p><h5 data-start=\"1834\" data-end=\"1869\">4. Base jur\u00eddica del tratamiento<\/h5><p data-start=\"1871\" data-end=\"1921\">La base legal para el tratamiento de los datos es:<\/p><ul data-start=\"1923\" data-end=\"2100\"><li data-start=\"1923\" data-end=\"1982\"><p data-start=\"1925\" data-end=\"1982\">El consentimiento del interesado al enviar el formulario.<\/p><\/li><li data-start=\"1983\" data-end=\"2057\"><p data-start=\"1985\" data-end=\"2057\">La ejecuci\u00f3n de un contrato o la aplicaci\u00f3n de medidas precontractuales.<\/p><\/li><li data-start=\"2058\" data-end=\"2100\"><p data-start=\"2060\" data-end=\"2100\">El cumplimiento de obligaciones legales.<\/p><\/li><\/ul><h5 data-start=\"2107\" data-end=\"2138\">5. Conservaci\u00f3n de los datos<\/h5><p data-start=\"2140\" data-end=\"2176\">Los datos personales se conservar\u00e1n:<\/p><ul data-start=\"2178\" data-end=\"2376\"><li data-start=\"2178\" data-end=\"2234\"><p data-start=\"2180\" data-end=\"2234\">Durante el tiempo necesario para atender la solicitud.<\/p><\/li><li data-start=\"2235\" data-end=\"2278\"><p data-start=\"2237\" data-end=\"2278\">Mientras exista una relaci\u00f3n profesional.<\/p><\/li><li data-start=\"2279\" data-end=\"2376\"><p data-start=\"2281\" data-end=\"2376\">Durante los plazos legalmente establecidos en materia fiscal y mercantil, cuando sea aplicable.<\/p><\/li><\/ul><h5 data-start=\"2383\" data-end=\"2415\">6. Destinatarios de los datos<\/h5><p data-start=\"2417\" data-end=\"2472\">No se ceder\u00e1n datos a terceros, salvo obligaci\u00f3n legal.<\/p><p data-start=\"2474\" data-end=\"2713\">No obstante, pueden intervenir proveedores de servicios (hosting, correo electr\u00f3nico, herramientas de an\u00e1lisis, etc.) que act\u00faan como encargados del tratamiento y con los que se han suscrito los correspondientes contratos conforme al RGPD.<\/p><p data-start=\"2715\" data-end=\"2929\">En caso de utilizar herramientas como Google Analytics, Google Maps u otros servicios externos, puede producirse una transferencia internacional de datos conforme a las garant\u00edas previstas por la normativa vigente.<\/p><h5 data-start=\"2936\" data-end=\"2962\">7. Derechos del usuario<\/h5><p data-start=\"2964\" data-end=\"3013\">El usuario puede ejercer los siguientes derechos:<\/p><ul data-start=\"3015\" data-end=\"3202\"><li data-start=\"3015\" data-end=\"3036\"><p data-start=\"3017\" data-end=\"3036\">Derecho de acceso<\/p><\/li><li data-start=\"3037\" data-end=\"3065\"><p data-start=\"3039\" data-end=\"3065\">Derecho de rectificaci\u00f3n<\/p><\/li><li data-start=\"3066\" data-end=\"3090\"><p data-start=\"3068\" data-end=\"3090\">Derecho de supresi\u00f3n<\/p><\/li><li data-start=\"3091\" data-end=\"3115\"><p data-start=\"3093\" data-end=\"3115\">Derecho de oposici\u00f3n<\/p><\/li><li data-start=\"3116\" data-end=\"3159\"><p data-start=\"3118\" data-end=\"3159\">Derecho a la limitaci\u00f3n del tratamiento<\/p><\/li><li data-start=\"3160\" data-end=\"3202\"><p data-start=\"3162\" data-end=\"3202\">Derecho a la portabilidad de los datos<\/p><\/li><\/ul><p data-start=\"3204\" data-end=\"3262\">Para ejercer estos derechos, puede enviar una solicitud a:<\/p><p data-start=\"3264\" data-end=\"3291\">\ud83d\udce9 <a href=\"mailto:anna@apc-studio.com\">anna@apc-studio.com<\/a><\/p><p data-start=\"3293\" data-end=\"3385\">Indicando en el asunto \u201cProtecci\u00f3n de Datos\u201d y adjuntando copia de documento identificativo.<\/p><p data-start=\"3387\" data-end=\"3569\">Asimismo, tiene derecho a presentar una reclamaci\u00f3n ante la Agencia Espa\u00f1ola de Protecci\u00f3n de Datos (<a class=\"decorated-link\" href=\"http:\/\/www.aepd.es\" target=\"_new\" rel=\"noopener\" data-start=\"3488\" data-end=\"3499\">www.aepd.es<\/a>) si considera que el tratamiento no se ajusta a la normativa vigente.<\/p><h5 data-start=\"3576\" data-end=\"3604\">8. Seguridad de los datos<\/h5><p data-start=\"3606\" data-end=\"3829\">APC Studio adopta las medidas t\u00e9cnicas y organizativas necesarias para garantizar la seguridad, confidencialidad e integridad de los datos personales, evitando su alteraci\u00f3n, p\u00e9rdida, tratamiento o acceso no autorizado.<\/p><h5 data-start=\"3836\" data-end=\"3860\">9. Enlaces a terceros<\/h5><p data-start=\"3862\" data-end=\"4009\">Este sitio web puede incluir enlaces a sitios web de terceros. APC Studio no se responsabiliza de las pol\u00edticas de privacidad de dichos sitios.<\/p><h5 data-start=\"4016\" data-end=\"4066\">10. Modificaciones de la pol\u00edtica de privacidad<\/h5><p data-start=\"4068\" data-end=\"4212\">APC Studio se reserva el derecho a modificar la presente Pol\u00edtica de Privacidad para adaptarla a novedades legislativas o jurisprudenciales.<\/p><p data-start=\"4214\" data-end=\"4265\">Se recomienda revisar esta pol\u00edtica peri\u00f3dicamente.<\/p>\t\t\t\t\t\t\t\t<\/div>\n\t\t\t\t<\/div>\n\t\t\t\t\t<\/div>\n\t\t<\/div>\n\t\t\t\t\t<\/div>\n\t\t<\/section>\n\t\t\t\t<\/div>","protected":false},"excerpt":{"rendered":"<p>1. Responsable del tratamiento En cumplimiento del Reglamento (UE) 2016\/679 (RGPD) y la Ley Org\u00e1nica 3\/2018 (LOPDGDD), se informa de que los datos personales recogidos a trav\u00e9s de este sitio&hellip;<\/p>","protected":false},"author":1,"featured_media":0,"parent":0,"menu_order":0,"comment_status":"closed","ping_status":"closed","template":"","meta":{"footnotes":""},"class_list":["post-12954","page","type-page","status-publish","hentry"],"_links":{"self":[{"href":"https:\/\/apc-studio.com\/en\/wp-json\/wp\/v2\/pages\/12954","targetHints":{"allow":["GET"]}}],"collection":[{"href":"https:\/\/apc-studio.com\/en\/wp-json\/wp\/v2\/pages"}],"about":[{"href":"https:\/\/apc-studio.com\/en\/wp-json\/wp\/v2\/types\/page"}],"author":[{"embeddable":true,"href":"https:\/\/apc-studio.com\/en\/wp-json\/wp\/v2\/users\/1"}],"replies":[{"embeddable":true,"href":"https:\/\/apc-studio.com\/en\/wp-json\/wp\/v2\/comments?post=12954"}],"version-history":[{"count":3,"href":"https:\/\/apc-studio.com\/en\/wp-json\/wp\/v2\/pages\/12954\/revisions"}],"predecessor-version":[{"id":22908,"href":"https:\/\/apc-studio.com\/en\/wp-json\/wp\/v2\/pages\/12954\/revisions\/22908"}],"wp:attachment":[{"href":"https:\/\/apc-studio.com\/en\/wp-json\/wp\/v2\/media?parent=12954"}],"curies":[{"name":"wp","href":"https:\/\/api.w.org\/{rel}","templated":true}]}}