{"id":22517,"date":"2026-02-10T16:47:24","date_gmt":"2026-02-10T15:47:24","guid":{"rendered":"https:\/\/apc-studio.com\/?page_id=22517"},"modified":"2026-03-19T09:44:34","modified_gmt":"2026-03-19T08:44:34","slug":"aviso-legal","status":"publish","type":"page","link":"https:\/\/apc-studio.com\/en\/aviso-legal\/","title":{"rendered":"Aviso Legal"},"content":{"rendered":"\t\t<div data-elementor-type=\"wp-page\" data-elementor-id=\"22517\" class=\"elementor elementor-22517\">\n\t\t\t\t\t\t<section class=\"elementor-section elementor-top-section elementor-element elementor-element-2b1184b0 elementor-section-boxed elementor-section-height-default elementor-section-height-default sc_fly_static\" data-id=\"2b1184b0\" data-element_type=\"section\" data-e-type=\"section\" data-settings=\"{&quot;background_background&quot;:&quot;classic&quot;}\">\n\t\t\t\t\t\t<div class=\"elementor-container elementor-column-gap-extended\">\n\t\t\t\t\t<div class=\"elementor-column elementor-col-100 elementor-top-column elementor-element elementor-element-153e1c19 sc_content_align_inherit sc_layouts_column_icons_position_left sc_fly_static\" data-id=\"153e1c19\" data-element_type=\"column\" data-e-type=\"column\">\n\t\t\t<div class=\"elementor-widget-wrap elementor-element-populated\">\n\t\t\t\t\t\t<div class=\"elementor-element elementor-element-54db29de sc_fly_static elementor-widget elementor-widget-text-editor\" data-id=\"54db29de\" data-element_type=\"widget\" data-e-type=\"widget\" data-widget_type=\"text-editor.default\">\n\t\t\t\t<div class=\"elementor-widget-container\">\n\t\t\t\t\t\t\t\t\t<p data-start=\"176\" data-end=\"214\"><strong data-start=\"176\" data-end=\"214\">APC Studio \u2013 apc-studio.com<\/strong><\/p><h5 data-start=\"221\" data-end=\"248\">1. Datos identificativos<\/h5><p data-start=\"250\" data-end=\"477\">En cumplimiento con el deber de informaci\u00f3n establecido en el art\u00edculo 10 de la Ley 34\/2002, de 11 de julio, de Servicios de la Sociedad de la Informaci\u00f3n y de Comercio Electr\u00f3nico (LSSI-CE), se informa de los siguientes datos:<\/p><p data-start=\"479\" data-end=\"858\"><strong data-start=\"479\" data-end=\"491\">Titular:<\/strong> Anna Crippa<br data-start=\"503\" data-end=\"506\" \/><strong data-start=\"506\" data-end=\"527\">Nombre comercial:<\/strong> APC Studio<br data-start=\"542\" data-end=\"545\" \/><strong data-start=\"545\" data-end=\"564\">Forma jur\u00eddica:<\/strong> Empresaria individual (Aut\u00f3noma)<br data-start=\"597\" data-end=\"600\" \/><strong data-start=\"600\" data-end=\"608\">NIF:<\/strong> Z1674355Y<br data-start=\"633\" data-end=\"636\" \/><strong data-start=\"636\" data-end=\"662\">Domicilio profesional:<\/strong> Avda. Tarragona, 149, 43881 Cunit, Tarragona, Espa\u00f1a<br data-start=\"715\" data-end=\"718\" \/><strong data-start=\"718\" data-end=\"743\">Tel\u00e9fono de contacto:<\/strong> +34 611 28 09 01<br data-start=\"760\" data-end=\"763\" \/><strong data-start=\"763\" data-end=\"786\">Correo electr\u00f3nico:<\/strong> <a href=\"mailto:anna@apc-studio.com\">anna@apc-studio.com<\/a><br data-start=\"811\" data-end=\"814\" \/><strong data-start=\"814\" data-end=\"830\">Dominio web:<\/strong> <a class=\"decorated-link\" href=\"https:\/\/apc-studio.com\" target=\"_new\" rel=\"noopener\" data-start=\"831\" data-end=\"856\">https:\/\/apc-studio.com<\/a><br \/><br \/>2. Objeto<\/p><p data-start=\"879\" data-end=\"1177\">El presente sitio web tiene como finalidad ofrecer informaci\u00f3n sobre los servicios de consultor\u00eda estrat\u00e9gica y comercial prestados por APC Studio, dirigidos principalmente a pymes, empresas del sector lifestyle y organizaciones que deseen desarrollar o profesionalizar su estrategia de ventas.<\/p><h5 data-start=\"1184\" data-end=\"1208\">3. Condiciones de uso<\/h5><p data-start=\"1210\" data-end=\"1385\">La navegaci\u00f3n por este sitio web atribuye la condici\u00f3n de usuario e implica la aceptaci\u00f3n plena y sin reservas de todas las disposiciones incluidas en el presente Aviso Legal.<\/p><p data-start=\"1387\" data-end=\"1539\">El usuario se compromete a hacer un uso adecuado de los contenidos y servicios que se ofrecen a trav\u00e9s de la web y, en particular, a no emplearlos para:<\/p><ul data-start=\"1541\" data-end=\"1822\"><li data-start=\"1541\" data-end=\"1621\"><p data-start=\"1543\" data-end=\"1621\">Realizar actividades il\u00edcitas o contrarias a la buena fe y al orden p\u00fablico.<\/p><\/li><li data-start=\"1622\" data-end=\"1730\"><p data-start=\"1624\" data-end=\"1730\">Provocar da\u00f1os en los sistemas f\u00edsicos y l\u00f3gicos del titular, de sus proveedores o de terceras personas.<\/p><\/li><li data-start=\"1731\" data-end=\"1822\"><p data-start=\"1733\" data-end=\"1822\">Introducir o difundir virus inform\u00e1ticos u otros sistemas susceptibles de provocar da\u00f1os.<\/p><\/li><\/ul><h5 data-start=\"1829\" data-end=\"1869\">4. Propiedad intelectual e industrial<\/h5><p data-start=\"1871\" data-end=\"2174\">Todos los contenidos del sitio web (textos, im\u00e1genes, dise\u00f1o, logotipos, estructura, elementos gr\u00e1ficos, c\u00f3digo fuente, etc.) son titularidad de Anna Crippa o se dispone de los derechos necesarios para su uso, y est\u00e1n protegidos por la normativa vigente en materia de propiedad intelectual e industrial.<\/p><p data-start=\"2176\" data-end=\"2281\">Queda prohibida su reproducci\u00f3n, distribuci\u00f3n o transformaci\u00f3n sin la autorizaci\u00f3n expresa de la titular.<\/p><h5 data-start=\"2288\" data-end=\"2309\">5. Responsabilidad<\/h5><p data-start=\"2311\" data-end=\"2469\">APC Studio no se responsabiliza del mal uso que se realice de los contenidos de esta web, siendo exclusiva responsabilidad del usuario que accede a ellos.<\/p><p data-start=\"2471\" data-end=\"2626\">Asimismo, no se garantiza la inexistencia de interrupciones o errores en el acceso al sitio web, aunque se adoptar\u00e1n las medidas necesarias para evitarlos.<\/p><h5 data-start=\"2633\" data-end=\"2655\">6. Enlaces externos<\/h5><p data-start=\"2657\" data-end=\"2819\">En el caso de que en la web se dispusiesen enlaces a otros sitios de Internet, APC Studio no ejercer\u00e1 ning\u00fan tipo de control sobre dichos sitios y contenidos.<\/p><p data-start=\"2821\" data-end=\"2933\">En ning\u00fan caso asumir\u00e1 responsabilidad alguna por los contenidos de enlaces pertenecientes a un sitio web ajeno.<\/p><h5 data-start=\"2940\" data-end=\"2965\">7. Protecci\u00f3n de datos<\/h5><p data-start=\"2967\" data-end=\"3132\">Los datos personales que puedan recogerse a trav\u00e9s del sitio web ser\u00e1n tratados conforme a lo establecido en la Pol\u00edtica de Privacidad, disponible en esta misma web.<\/p><h5 data-start=\"3139\" data-end=\"3181\">8. Legislaci\u00f3n aplicable y jurisdicci\u00f3n<\/h5><p data-start=\"3183\" data-end=\"3269\">La relaci\u00f3n entre la titular y el usuario se regir\u00e1 por la normativa espa\u00f1ola vigente.<\/p><p data-start=\"3271\" data-end=\"3487\">Para la resoluci\u00f3n de cualquier conflicto que pudiera derivarse del acceso o uso del sitio web, las partes se someter\u00e1n a los Juzgados y Tribunales de [COMPLETAR], salvo que la normativa aplicable disponga otra cosa.<\/p>\t\t\t\t\t\t\t\t<\/div>\n\t\t\t\t<\/div>\n\t\t\t\t\t<\/div>\n\t\t<\/div>\n\t\t\t\t\t<\/div>\n\t\t<\/section>\n\t\t\t\t<\/div>\n\t\t","protected":false},"excerpt":{"rendered":"<p>APC Studio \u2013 apc-studio.com 1. Datos identificativos En cumplimiento con el deber de informaci\u00f3n establecido en el art\u00edculo 10 de la Ley 34\/2002, de 11 de julio, de Servicios de&hellip;<\/p>","protected":false},"author":1,"featured_media":0,"parent":0,"menu_order":0,"comment_status":"closed","ping_status":"closed","template":"","meta":{"footnotes":""},"class_list":["post-22517","page","type-page","status-publish","hentry"],"_links":{"self":[{"href":"https:\/\/apc-studio.com\/en\/wp-json\/wp\/v2\/pages\/22517","targetHints":{"allow":["GET"]}}],"collection":[{"href":"https:\/\/apc-studio.com\/en\/wp-json\/wp\/v2\/pages"}],"about":[{"href":"https:\/\/apc-studio.com\/en\/wp-json\/wp\/v2\/types\/page"}],"author":[{"embeddable":true,"href":"https:\/\/apc-studio.com\/en\/wp-json\/wp\/v2\/users\/1"}],"replies":[{"embeddable":true,"href":"https:\/\/apc-studio.com\/en\/wp-json\/wp\/v2\/comments?post=22517"}],"version-history":[{"count":3,"href":"https:\/\/apc-studio.com\/en\/wp-json\/wp\/v2\/pages\/22517\/revisions"}],"predecessor-version":[{"id":22911,"href":"https:\/\/apc-studio.com\/en\/wp-json\/wp\/v2\/pages\/22517\/revisions\/22911"}],"wp:attachment":[{"href":"https:\/\/apc-studio.com\/en\/wp-json\/wp\/v2\/media?parent=22517"}],"curies":[{"name":"wp","href":"https:\/\/api.w.org\/{rel}","templated":true}]}}